{"id":7,"date":"2026-04-05T21:06:19","date_gmt":"2026-04-05T21:06:19","guid":{"rendered":"https:\/\/ktrybhxp.elementor.cloud\/speisekarte\/"},"modified":"2026-04-05T21:06:19","modified_gmt":"2026-04-05T21:06:19","slug":"speisekarte","status":"publish","type":"page","link":"https:\/\/www.gasthaus-retorte.com\/","title":{"rendered":"Speisekarte"},"content":{"rendered":"\t\t<div data-elementor-type=\"wp-page\" data-elementor-id=\"7\" class=\"elementor elementor-7\">\n\t\t\t\t<div class=\"elementor-element elementor-element-dfc9a06 e-flex e-con-boxed e-con e-parent\" data-id=\"dfc9a06\" data-element_type=\"container\" data-e-type=\"container\" data-settings=\"{&quot;background_background&quot;:&quot;classic&quot;}\">\n\t\t\t\t\t<div class=\"e-con-inner\">\n\t\t<div class=\"elementor-element elementor-element-4f32612 e-con-full e-flex e-con e-child\" data-id=\"4f32612\" data-element_type=\"container\" data-e-type=\"container\">\n\t\t\t\t<div class=\"elementor-element elementor-element-bceab85 elementor-widget elementor-widget-heading\" data-id=\"bceab85\" data-element_type=\"widget\" data-e-type=\"widget\" data-widget_type=\"heading.default\">\n\t\t\t\t\t<h5 class=\"elementor-heading-title elementor-size-default\">Wilkommen bei uns!<\/h5>\t\t\t\t<\/div>\n\t\t\t\t<div class=\"elementor-element elementor-element-af75ccb elementor-widget elementor-widget-heading\" data-id=\"af75ccb\" data-element_type=\"widget\" data-e-type=\"widget\" data-widget_type=\"heading.default\">\n\t\t\t\t\t<h2 class=\"elementor-heading-title elementor-size-default\">Entdecken Sie unsere Speisen<\/h2>\t\t\t\t<\/div>\n\t\t\t\t<div class=\"elementor-element elementor-element-416598a elementor-widget elementor-widget-text-editor\" data-id=\"416598a\" data-element_type=\"widget\" data-e-type=\"widget\" data-widget_type=\"text-editor.default\">\n\t\t\t\t\t\t\t\t\t<p>Genie\u00dfen Sie bei uns ein unvergessliches gastronomisches Erlebnis. Wir bieten Ihnen eine Auswahl an traditionellen Gerichten, die mit Liebe zubereitet werden. Ob zum gem\u00fctlichen Essen mit der Familie oder f\u00fcr besondere Anl\u00e4sse \u2013 wir hei\u00dfen Sie herzlich willkommen!<\/p>\t\t\t\t\t\t\t\t<\/div>\n\t\t<div class=\"elementor-element elementor-element-aa03e3d e-con-full e-flex e-con e-child\" data-id=\"aa03e3d\" data-element_type=\"container\" data-e-type=\"container\">\n\t\t\t\t<div class=\"elementor-element elementor-element-564d69e elementor-widget__width-auto elementor-align-right elementor-widget elementor-widget-button\" data-id=\"564d69e\" data-element_type=\"widget\" data-e-type=\"widget\" data-widget_type=\"button.default\">\n\t\t\t\t\t\t\t\t\t\t<a class=\"elementor-button elementor-button-link elementor-size-sm\" href=\"#\">\n\t\t\t\t\t\t<span class=\"elementor-button-content-wrapper\">\n\t\t\t\t\t\t\t\t\t<span class=\"elementor-button-text\">Jetzt Reservieren<\/span>\n\t\t\t\t\t<\/span>\n\t\t\t\t\t<\/a>\n\t\t\t\t\t\t\t\t<\/div>\n\t\t\t\t<div class=\"elementor-element elementor-element-854deaf elementor-widget__width-auto elementor-align-right elementor-widget elementor-widget-button\" data-id=\"854deaf\" data-element_type=\"widget\" data-e-type=\"widget\" data-widget_type=\"button.default\">\n\t\t\t\t\t\t\t\t\t\t<a class=\"elementor-button elementor-button-link elementor-size-sm\" href=\"#\">\n\t\t\t\t\t\t<span class=\"elementor-button-content-wrapper\">\n\t\t\t\t\t\t\t\t\t<span class=\"elementor-button-text\">Unsere Speisekarte<\/span>\n\t\t\t\t\t<\/span>\n\t\t\t\t\t<\/a>\n\t\t\t\t\t\t\t\t<\/div>\n\t\t\t\t<\/div>\n\t\t\t\t<\/div>\n\t\t\t\t\t<\/div>\n\t\t\t\t<\/div>\n\t\t<div class=\"elementor-element elementor-element-55e62db e-flex e-con-boxed e-con e-parent\" data-id=\"55e62db\" data-element_type=\"container\" data-e-type=\"container\">\n\t\t\t\t\t<div class=\"e-con-inner\">\n\t\t<div class=\"elementor-element elementor-element-0af060c e-flex e-con-boxed e-con e-child\" data-id=\"0af060c\" data-element_type=\"container\" data-e-type=\"container\" data-settings=\"{&quot;background_background&quot;:&quot;classic&quot;}\">\n\t\t\t\t\t<div class=\"e-con-inner\">\n\t\t\t\t<div class=\"elementor-element elementor-element-b7e3d01 elementor-widget elementor-widget-heading\" data-id=\"b7e3d01\" data-element_type=\"widget\" data-e-type=\"widget\" data-widget_type=\"heading.default\">\n\t\t\t\t\t<h2 class=\"elementor-heading-title elementor-size-default\">Laden Sie unsere k\u00f6stliche Speisekarte herunter!<\/h2>\t\t\t\t<\/div>\n\t\t\t\t<div class=\"elementor-element elementor-element-4cbe6b4 elementor-widget elementor-widget-text-editor\" data-id=\"4cbe6b4\" data-element_type=\"widget\" data-e-type=\"widget\" data-widget_type=\"text-editor.default\">\n\t\t\t\t\t\t\t\t\t<p>Entdecken Sie unsere Vielfalt an leckeren Gerichten! Mit einem einfachen Klick k\u00f6nnen Sie die gesamte Speisekarte herunterladen und sich von den k\u00f6stlichen Optionen inspirieren lassen. Wir freuen uns darauf, Sie bei uns begr\u00fc\u00dfen zu d\u00fcrfen!<\/p>\t\t\t\t\t\t\t\t<\/div>\n\t\t\t\t<div class=\"elementor-element elementor-element-420ac91 elementor-widget__width-auto elementor-align-right elementor-widget elementor-widget-button\" data-id=\"420ac91\" data-element_type=\"widget\" data-e-type=\"widget\" data-widget_type=\"button.default\">\n\t\t\t\t\t\t\t\t\t\t<a class=\"elementor-button elementor-button-link elementor-size-sm\" href=\"#\">\n\t\t\t\t\t\t<span class=\"elementor-button-content-wrapper\">\n\t\t\t\t\t\t\t\t\t<span class=\"elementor-button-text\">Speisekarte herunterladen<\/span>\n\t\t\t\t\t<\/span>\n\t\t\t\t\t<\/a>\n\t\t\t\t\t\t\t\t<\/div>\n\t\t\t\t\t<\/div>\n\t\t\t\t<\/div>\n\t\t\t\t\t<\/div>\n\t\t\t\t<\/div>\n\t\t<div class=\"elementor-element elementor-element-b15c10c e-flex e-con-boxed e-con e-parent\" data-id=\"b15c10c\" data-element_type=\"container\" data-e-type=\"container\" data-settings=\"{&quot;background_background&quot;:&quot;classic&quot;}\">\n\t\t\t\t\t<div class=\"e-con-inner\">\n\t\t<div class=\"elementor-element elementor-element-0e8a2a1 e-con-full e-flex e-con e-child\" data-id=\"0e8a2a1\" data-element_type=\"container\" data-e-type=\"container\">\n\t\t\t\t<div class=\"elementor-element elementor-element-e1a04a5 elementor-widget elementor-widget-heading\" data-id=\"e1a04a5\" data-element_type=\"widget\" data-e-type=\"widget\" data-widget_type=\"heading.default\">\n\t\t\t\t\t<h2 class=\"elementor-heading-title elementor-size-default\">Entdecken Sie unsere Spezialit\u00e4ten<\/h2>\t\t\t\t<\/div>\n\t\t\t\t<div class=\"elementor-element elementor-element-7f7340b elementor-widget elementor-widget-text-editor\" data-id=\"7f7340b\" data-element_type=\"widget\" data-e-type=\"widget\" data-widget_type=\"text-editor.default\">\n\t\t\t\t\t\t\t\t\t<p>Bei uns finden Sie eine Auswahl an k\u00f6stlichen Gerichten, die mit viel Liebe zubereitet werden. Jedes Gericht erz\u00e4hlt eine eigene Geschichte und bringt Ihnen die besten Aromen auf den Tisch. Schauen Sie sich unsere Empfehlungen an und lassen Sie sich inspirieren!<\/p>\t\t\t\t\t\t\t\t<\/div>\n\t\t\t\t<\/div>\n\t\t\t\t\t<\/div>\n\t\t\t\t<\/div>\n\t\t<div class=\"elementor-element elementor-element-b15c10c e-flex e-con-boxed e-con e-parent\" data-id=\"b15c10c\" data-element_type=\"container\" data-e-type=\"container\" data-settings=\"{&quot;background_background&quot;:&quot;classic&quot;}\">\n\t\t\t\t\t<div class=\"e-con-inner\">\n\t\t<div class=\"elementor-element elementor-element-0e8a2a1 e-con-full e-flex e-con e-child\" data-id=\"0e8a2a1\" data-element_type=\"container\" data-e-type=\"container\">\n\t\t\t\t<div class=\"elementor-element elementor-element-e1a04a5 elementor-widget elementor-widget-heading\" data-id=\"e1a04a5\" data-element_type=\"widget\" data-e-type=\"widget\" data-widget_type=\"heading.default\">\n\t\t\t\t\t<h2 class=\"elementor-heading-title elementor-size-default\">Entdecken Sie unsere saisonalen K\u00f6stlichkeiten<\/h2>\t\t\t\t<\/div>\n\t\t\t\t<div class=\"elementor-element elementor-element-7f7340b elementor-widget elementor-widget-text-editor\" data-id=\"7f7340b\" data-element_type=\"widget\" data-e-type=\"widget\" data-widget_type=\"text-editor.default\">\n\t\t\t\t\t\t\t\t\t<p>Unser Men\u00fc bietet eine Vielfalt an frischen und saisonalen Gerichten, die zum Schlemmen einladen. Lassen Sie sich von unseren bunten Salaten, aromatischen Hauptgerichten und verlockenden Desserts \u00fcberraschen. Jedes Gericht wird mit Liebe und den besten Zutaten zubereitet \u2013 perfekt f\u00fcr gesellige Momente im Familienkreis.<\/p>\t\t\t\t\t\t\t\t<\/div>\n\t\t\t\t<\/div>\n\t\t\t\t\t<\/div>\n\t\t\t\t<\/div>\n\t\t<div class=\"elementor-element elementor-element-e14fc0e e-flex e-con-boxed e-con e-parent\" data-id=\"e14fc0e\" data-element_type=\"container\" data-e-type=\"container\">\n\t\t\t\t\t<div class=\"e-con-inner\">\n\t\t\t\t<div class=\"elementor-element elementor-element-b0046a6 elementor-widget elementor-widget-heading\" data-id=\"b0046a6\" data-element_type=\"widget\" data-e-type=\"widget\" data-widget_type=\"heading.default\">\n\t\t\t\t\t<h2 class=\"elementor-heading-title elementor-size-default\">Kundenmeinungen<\/h2>\t\t\t\t<\/div>\n\t\t\t\t<div class=\"elementor-element elementor-element-9346ed8 elementor-widget elementor-widget-testimonial-carousel\" data-id=\"9346ed8\" data-element_type=\"widget\" data-e-type=\"widget\" data-widget_type=\"testimonial-carousel.default\">\n\t\t\t\t<div class=\"elementor-widget-container\">\n\t\t\t\t\t \t\t\t\t<\/div>\n\t\t\t\t<\/div>\n\t\t\t\t\t<\/div>\n\t\t\t\t<\/div>\n\t\t<div class=\"elementor-element elementor-element-1c2c979 e-flex e-con-boxed e-con e-parent\" data-id=\"1c2c979\" data-element_type=\"container\" data-e-type=\"container\" data-settings=\"{&quot;background_background&quot;:&quot;classic&quot;}\">\n\t\t\t\t\t<div class=\"e-con-inner\">\n\t\t\t\t<div class=\"elementor-element elementor-element-3ebb6b3 elementor-widget elementor-widget-heading\" data-id=\"3ebb6b3\" data-element_type=\"widget\" data-e-type=\"widget\" data-widget_type=\"heading.default\">\n\t\t\t\t\t<h2 class=\"elementor-heading-title elementor-size-default\">Bleiben Sie informiert mit unserem Newsletter!<\/h2>\t\t\t\t<\/div>\n\t\t\t\t<div class=\"elementor-element elementor-element-02a250c elementor-widget elementor-widget-text-editor\" data-id=\"02a250c\" data-element_type=\"widget\" data-e-type=\"widget\" data-widget_type=\"text-editor.default\">\n\t\t\t\t\t\t\t\t\t<p>Melden Sie sich an und erfahren Sie als Erster von unseren neuesten Gerichten und tollen Angeboten! Ihr Geschmack liegt uns am Herzen und wir m\u00f6chten Sie regelm\u00e4\u00dfig mit leckeren Neuigkeiten erfreuen.<\/p>\t\t\t\t\t\t\t\t<\/div>\n\t\t\t\t<div class=\"elementor-element elementor-element-9290d2c elementor-widget__width-initial elementor-widget-tablet__width-inherit elementor-widget elementor-widget-form\" data-id=\"9290d2c\" data-element_type=\"widget\" data-e-type=\"widget\" data-widget_type=\"form.default\">\n\t\t\t\t<div class=\"elementor-widget-container\">\n\t\t\t\t\t \t\t\t\t<\/div>\n\t\t\t\t<\/div>\n\t\t\t\t\t<\/div>\n\t\t\t\t<\/div>\n\t\t\t\t<\/div>\n\t\t","protected":false},"excerpt":{"rendered":"<p>Wilkommen bei uns! Entdecken Sie unsere Speisen Genie\u00dfen Sie bei uns ein unvergessliches gastronomisches Erlebnis. Wir bieten Ihnen eine Auswahl an traditionellen Gerichten, die mit Liebe zubereitet werden. Ob zum gem\u00fctlichen Essen mit der Familie oder f\u00fcr besondere Anl\u00e4sse \u2013 wir hei\u00dfen Sie herzlich willkommen! Jetzt Reservieren Unsere Speisekarte Laden Sie unsere k\u00f6stliche Speisekarte herunter! [&hellip;]<\/p>\n","protected":false},"author":2,"featured_media":0,"parent":0,"menu_order":0,"comment_status":"closed","ping_status":"closed","template":"","meta":{"footnotes":""},"class_list":["post-7","page","type-page","status-publish","hentry"],"_links":{"self":[{"href":"https:\/\/www.gasthaus-retorte.com\/index.php?rest_route=\/wp\/v2\/pages\/7","targetHints":{"allow":["GET"]}}],"collection":[{"href":"https:\/\/www.gasthaus-retorte.com\/index.php?rest_route=\/wp\/v2\/pages"}],"about":[{"href":"https:\/\/www.gasthaus-retorte.com\/index.php?rest_route=\/wp\/v2\/types\/page"}],"author":[{"embeddable":true,"href":"https:\/\/www.gasthaus-retorte.com\/index.php?rest_route=\/wp\/v2\/users\/2"}],"replies":[{"embeddable":true,"href":"https:\/\/www.gasthaus-retorte.com\/index.php?rest_route=%2Fwp%2Fv2%2Fcomments&post=7"}],"version-history":[{"count":1,"href":"https:\/\/www.gasthaus-retorte.com\/index.php?rest_route=\/wp\/v2\/pages\/7\/revisions"}],"predecessor-version":[{"id":96,"href":"https:\/\/www.gasthaus-retorte.com\/index.php?rest_route=\/wp\/v2\/pages\/7\/revisions\/96"}],"wp:attachment":[{"href":"https:\/\/www.gasthaus-retorte.com\/index.php?rest_route=%2Fwp%2Fv2%2Fmedia&parent=7"}],"curies":[{"name":"wp","href":"https:\/\/api.w.org\/{rel}","templated":true}]}}